{"id":28604,"date":"2023-11-29T17:15:53","date_gmt":"2023-11-29T16:15:53","guid":{"rendered":"https:\/\/iicstoccolma.esteri.it\/?page_id=28604"},"modified":"2024-10-16T12:03:15","modified_gmt":"2024-10-16T10:03:15","slug":"la-pelle-dellarchitettura-colore-e-materia","status":"publish","type":"page","link":"https:\/\/iicstoccolma.esteri.it\/it\/chi-siamo\/la-sede\/la-pelle-dellarchitettura-colore-e-materia\/","title":{"rendered":"L&#8217;Istituto di Ponti: colore e materia"},"content":{"rendered":"<h6><\/h6>\n<blockquote>\n<h6><em><strong>La storia dell&#8217;Umanit\u00e0 avanza dal pesante al leggero, dal grosso al sottile, dallo scuro al chiaro, dall&#8217;incolore al colore, dal complicato al lineare.<br \/>\n<\/strong><\/em><strong>&#8211; Gio Ponti<\/strong><strong style=\"font-size: 16px;\"><sup>1<\/sup><\/strong><\/h6>\n<\/blockquote>\n<p>Per raggiungere il suo progetto di assoluto alleggerimento dell&#8217;architettura, <a href=\"https:\/\/iicstoccolma.esteri.it\/it\/chi-siamo\/la-sede\/i-protagonisti-della-storia-delliic\/gio-ponti\/\"><strong><span style=\"text-decoration: underline;\">Gio Ponti<\/span><\/strong><\/a> aveva bisogno di due grandi alleati: <strong>il colore e la materia<\/strong>. Dopo aver liberato gli spazi dal peso, dopo averli resi lineari e diafani, egli punteggiava le superfici di colore per garantire quei riferimenti spaziali umanistici e mediterranei a lui tanto cari, mentre ai materiali affidava il compito di comunicare una piacevole alternanza sinestetica.<\/p>\n<p>In Istituto il <strong>bianco assoluto<\/strong>, quasi accecante del marmo di Carrara, chiaro richiamo alla classicit\u00e0, \u00e8 interrotto solo dalla presenza del <strong>colore terracotta o ocra di Siena<\/strong>, nel pavimento in linoleum dell&#8217;Auditorium, nel ritmo delle alzate della scala in ingresso, nei soffitti degli uffici, della biblioteca e delle sale studio, nei colori delle piastrelle esterne, in alcuni tendaggi. Questa tonalit\u00e0 ocra, oggi forse insolita, era un chiaro riferimento alla matrice culturale del territorio italiano, con le sue terre che filtrano da secoli nel panorama, nelle citt\u00e0 e nelle espressioni artistiche. Pochissimi altri colori caratterizzano l&#8217;Istituto: oltre al <strong>verde<\/strong> e al <strong>giallo<\/strong>, troviamo il <strong>blu deciso e mediterraneo <\/strong>che disegna i mobili ad intarsio di formica, un blu che richiama il celebre capolavoro di Ponti nell&#8217;Hotel Parco dei Principi a Sorrento.<\/p>\n<p><img loading=\"lazy\" decoding=\"async\" class=\"alignnone size-full wp-image-29916 img-fluid\" src=\"https:\/\/iicstoccolma.esteri.it\/wp-content\/uploads\/2023\/12\/Windows-of-the-ICIs-main-building.png\" alt=\"\" width=\"1123\" height=\"789\" srcset=\"https:\/\/iicstoccolma.esteri.it\/wp-content\/uploads\/2023\/12\/Windows-of-the-ICIs-main-building.png 1123w, https:\/\/iicstoccolma.esteri.it\/wp-content\/uploads\/2023\/12\/Windows-of-the-ICIs-main-building-300x211.png 300w, https:\/\/iicstoccolma.esteri.it\/wp-content\/uploads\/2023\/12\/Windows-of-the-ICIs-main-building-1024x719.png 1024w, https:\/\/iicstoccolma.esteri.it\/wp-content\/uploads\/2023\/12\/Windows-of-the-ICIs-main-building-768x540.png 768w\" sizes=\"auto, (max-width: 1123px) 100vw, 1123px\" \/><\/p>\n<p><em>Dettaglio della facciata del corpo principale dell&#8217;Istituto.<\/em><\/p>\n<blockquote>\n<h6><em><strong>Amate le meravigliose materie dell&#8217;architettura moderna: cemento, metallo, ceramica, cristallo, materie plastiche.<\/strong><\/em><br \/>\n<strong>&#8211; Gio Ponti<\/strong><strong style=\"font-size: 16px;\"><sup>2<\/sup><\/strong><\/h6>\n<\/blockquote>\n<p>Nella grammatica pontiana i materiali sono funzionali al suo messaggio di spazio umanizzato, moderno perch\u00e9 funzionale e accogliente. L&#8217;attenzione di Ponti incontra la sensibilit\u00e0 del committente <a href=\"https:\/\/iicstoccolma.esteri.it\/it\/chi-siamo\/la-sede\/i-protagonisti-della-storia-delliic\/carlo-maurilio-lerici\/\"><strong>Carlo Maurilio Lerici<\/strong><\/a>, il quale voleva che l&#8217;esecuzione del progetto rappresentasse in ogni dettaglio il meglio della cultura italiana.<\/p>\n<p>Ponti sceglie per l&#8217;Auditorium e per altri spazi dell&#8217;Istituto il <strong>linoleum<\/strong>, un materiale innovativo e moderno per gli anni &#8217;50, altamente performante, resistente ed economico. Materiale che ritroviamo anche in altri grandi progetti dell&#8217;architetto, dalle navi da Crociera agli uffici del Grattacielo Pirelli. Del linoleum, l&#8217;architetto amava in particolare la possibilit\u00e0 di creare una superficie indefinita e regolare per l&#8217;occhio.<\/p>\n<p>Il <strong>tessuto<\/strong>, come le piastrelle, ha rappresentato il supporto ideale per trasferire l&#8217;immaginario di Ponti su superfici bidimensionali. Tra gli anni &#8217;30 e gli anni &#8217;70, Gio Ponti firma molti pattern per tessuti stampati dalle aziende Jsa, Zucchi e Vittorio Ferrari, ponendosi tra i primi progettisti moderni a occuparsi di textile design in modo coerente. Tra i soggetti presenti in Istituto troviamo i decori mediterranei e solari della Sala Rossetti e del foyer, a stampa su velluto di cotone (serie Estate, Jsa, 1957), e le figure geometriche astratte a diamanti nei tendaggi dell&#8217;Auditorium, avvicinabili alla coeva Villa Arreanza, detta &#8216;La Diamantina&#8217; (Caracas, 1954-1956). Dalla produzione delle stoffe per la manifattura Jsa, nasce una profonda amicizia tra Ponti e l&#8217;imprenditore <span style=\"text-decoration: underline;\">Luigi Grampa<\/span>, uno dei grandi innovatori nelle edizioni di tessuti stampati che resero famose le stoffe italiane d&#8217;autore degli anni &#8217;50. La passione di Ponti per il tessile passava dall&#8217;amore per il disegno a stampa: dalla pagina alla stoffa, dove entrano in gioco movimento e ripetizione.<\/p>\n<blockquote>\n<h6><em>(I TESSUTI)<br \/>\nsono materie meravigliose<\/em><br \/>\n<em>materia tra le pi\u00f9 belle materie: contengono sapienza<\/em><br \/>\n<em>sono colore; stampati sono, nella casa, la presenza della scrittura poetica degli artisti<\/em><br \/>\n&#8211; Gio Ponti<strong style=\"font-size: 16px;\"><sup>3<\/sup><\/strong><\/h6>\n<\/blockquote>\n<p><img loading=\"lazy\" decoding=\"async\" class=\"alignnone size-full wp-image-29057 img-fluid\" src=\"https:\/\/iicstoccolma.esteri.it\/wp-content\/uploads\/2023\/12\/Details-of-the-fabrics.png\" alt=\"\" width=\"1163\" height=\"815\" srcset=\"https:\/\/iicstoccolma.esteri.it\/wp-content\/uploads\/2023\/12\/Details-of-the-fabrics.png 1163w, https:\/\/iicstoccolma.esteri.it\/wp-content\/uploads\/2023\/12\/Details-of-the-fabrics-300x210.png 300w, https:\/\/iicstoccolma.esteri.it\/wp-content\/uploads\/2023\/12\/Details-of-the-fabrics-1024x718.png 1024w, https:\/\/iicstoccolma.esteri.it\/wp-content\/uploads\/2023\/12\/Details-of-the-fabrics-768x538.png 768w\" sizes=\"auto, (max-width: 1163px) 100vw, 1163px\" \/><\/p>\n<p><em>Tendaggi serie Estate Mediterranea, Jsa, 1957<\/em><\/p>\n<p>Le <strong>piastrelle<\/strong> utilizzate per il rivestimento della facciata del corpo uffici e residenza dell&#8217;Istituto, minuscole tessere a formare un mosaico bianco ghiaccio, sono in <strong>ceramica<\/strong> &#8220;incorruttibile&#8221;, materiale che grazie al lieve gioco del cielo sui rilievi della facciata diventa un motivo luminoso e sottilmente mobile, alleggerendo cos\u00ec il complesso architettonico. Queste piastrelline hanno una fuga quasi nulla perch\u00e9 montate a mano da maestranze esperte. Le troviamo a ricoprire interamente anche il Pirelli, unico esempio di grattacielo rivestito in tal modo. Sulla facciata dell&#8217;Auditorium troviamo invece applicate piastrelle a <strong>bugnato<\/strong> della manifattura milanese Ceramica Joo, prodotte nel 1956. Nel bugnato ancora una volta Ponti esprime un richiamo alla cultura italiana, all&#8217;immagine del palazzo rinascimentale. Una soluzione che consentiva di giocare con luce ed ombre e movimentare le superfici facendole vibrare.<\/p>\n<blockquote>\n<h6><em>(LA CERAMICA)<br \/>\n\u00e8 un materiale meraviglioso<\/em><br \/>\n<em>\u00e8 fra i materiali incorruttibili<\/em><br \/>\n<em>rivestiamo l&#8217;architettura con mosaico di ceramica, anche la costruzione ha una pelle<\/em><br \/>\n<em>rivestiamo l&#8217;architettura con elementi a diamante: non simulano il muro costruito, come il paramano, ma denunciano di essere un rivestimento: danno alla superficie un valore plastico e giocano con la luce sul giro del sole: sono bellissimi<\/em><br \/>\n<em>mosaico o rivestimento di ceramica, alluminio, cemento, cristallo: basta cos\u00ec per una edilizia onesta e bella: che gli architetti non ci aggiungano nulla<\/em><br \/>\n&#8211; Gio Ponti<strong style=\"font-size: 16px;\"><sup>4<\/sup><\/strong><\/h6>\n<\/blockquote>\n<p><img loading=\"lazy\" decoding=\"async\" class=\"alignnone size-full wp-image-29054 img-fluid\" src=\"https:\/\/iicstoccolma.esteri.it\/wp-content\/uploads\/2023\/12\/The-facade-of-the-Auditorium-is-covered-in-ashlar-tiles-Ceramica-Joo-1956.png\" alt=\"\" width=\"1195\" height=\"786\" srcset=\"https:\/\/iicstoccolma.esteri.it\/wp-content\/uploads\/2023\/12\/The-facade-of-the-Auditorium-is-covered-in-ashlar-tiles-Ceramica-Joo-1956.png 1195w, https:\/\/iicstoccolma.esteri.it\/wp-content\/uploads\/2023\/12\/The-facade-of-the-Auditorium-is-covered-in-ashlar-tiles-Ceramica-Joo-1956-300x197.png 300w, https:\/\/iicstoccolma.esteri.it\/wp-content\/uploads\/2023\/12\/The-facade-of-the-Auditorium-is-covered-in-ashlar-tiles-Ceramica-Joo-1956-1024x674.png 1024w, https:\/\/iicstoccolma.esteri.it\/wp-content\/uploads\/2023\/12\/The-facade-of-the-Auditorium-is-covered-in-ashlar-tiles-Ceramica-Joo-1956-768x505.png 768w\" sizes=\"auto, (max-width: 1195px) 100vw, 1195px\" \/><\/p>\n<p><em>Facciata dell&#8217;Auditorium, piastrelle a bugnato, Ceramica Joo, 1956<\/em><\/p>\n<p>Gio Ponti credeva che ogni mobile dovesse risvegliare la fantasia in chi lo disegna e in chi lo guarda. Da questo bisogno di fantasia nascono credenze e arredi dalle forme e dai colori unici, molti dei quali appositamente progettati per la sede culturale italiana a Stoccolma. Nel palcoscenico abitato, l&#8217;architetto e designer utilizza un nuovo materiale economico e pratico, la <strong>formica<\/strong>. Blu, viola, bianca, intagliata in riproduzioni che sono la naturale evoluzione del mobile di ebanisteria pregiato, qui in una versione moderna, vivace, di facile pulizia. Chi li realizza \u00e8 <span style=\"text-decoration: underline;\">Giordano Chiesa<\/span>, un abile artigiano alle porte di Milano, esperto nella lavorazione del mobile in radica di noce.<\/p>\n<blockquote>\n<h6><em><strong>La fantasia \u00e8 una dolce follia, \u00e8 una allucinazione, \u00e8 lucida e precisa come i sogni: si sbaglia quando si dice d&#8217;uno svagato e d&#8217;un impreciso che \u00e8 un sognatore. i sognatori veri &#8220;sognano preciso&#8221;.<br \/>\n<\/strong><\/em><strong>&#8211; Gio Ponti<\/strong><strong style=\"font-size: 16px;\"><sup>5<\/sup><\/strong><\/h6>\n<\/blockquote>\n<p><img loading=\"lazy\" decoding=\"async\" class=\"alignnone size-full wp-image-29920 img-fluid\" src=\"https:\/\/iicstoccolma.esteri.it\/wp-content\/uploads\/2023\/12\/Leggera-chair-Cassina-1949-1958-1.png\" alt=\"\" width=\"632\" height=\"604\" srcset=\"https:\/\/iicstoccolma.esteri.it\/wp-content\/uploads\/2023\/12\/Leggera-chair-Cassina-1949-1958-1.png 632w, https:\/\/iicstoccolma.esteri.it\/wp-content\/uploads\/2023\/12\/Leggera-chair-Cassina-1949-1958-1-300x287.png 300w\" sizes=\"auto, (max-width: 632px) 100vw, 632px\" \/><\/p>\n<p><em>Scrittoio e mensola in legno e formica bianca e blu, Altamira, (1954) 1958. Sedia Leggera, Cassina, (1949) 1958.<\/em><\/p>\n","protected":false},"excerpt":{"rendered":"La storia dell&#8217;Umanit\u00e0 avanza dal pesante al leggero, dal grosso al sottile, dallo scuro al chiaro, dall&#8217;incolore al colore, dal complicato al lineare. &#8211; Gio Ponti1 Per raggiungere il suo progetto di assoluto alleggerimento dell&#8217;architettura, Gio Ponti aveva bisogno di due grandi alleati: il colore e la materia. Dopo aver liberato gli spazi dal peso, [&hellip;]","protected":false},"author":5,"featured_media":0,"parent":40,"menu_order":9,"comment_status":"closed","ping_status":"closed","template":"","meta":{"footnotes":""},"class_list":["post-28604","page","type-page","status-publish","hentry"],"_links":{"self":[{"href":"https:\/\/iicstoccolma.esteri.it\/it\/wp-json\/wp\/v2\/pages\/28604","targetHints":{"allow":["GET"]}}],"collection":[{"href":"https:\/\/iicstoccolma.esteri.it\/it\/wp-json\/wp\/v2\/pages"}],"about":[{"href":"https:\/\/iicstoccolma.esteri.it\/it\/wp-json\/wp\/v2\/types\/page"}],"author":[{"embeddable":true,"href":"https:\/\/iicstoccolma.esteri.it\/it\/wp-json\/wp\/v2\/users\/5"}],"replies":[{"embeddable":true,"href":"https:\/\/iicstoccolma.esteri.it\/it\/wp-json\/wp\/v2\/comments?post=28604"}],"version-history":[{"count":7,"href":"https:\/\/iicstoccolma.esteri.it\/it\/wp-json\/wp\/v2\/pages\/28604\/revisions"}],"predecessor-version":[{"id":40491,"href":"https:\/\/iicstoccolma.esteri.it\/it\/wp-json\/wp\/v2\/pages\/28604\/revisions\/40491"}],"up":[{"embeddable":true,"href":"https:\/\/iicstoccolma.esteri.it\/it\/wp-json\/wp\/v2\/pages\/40"}],"wp:attachment":[{"href":"https:\/\/iicstoccolma.esteri.it\/it\/wp-json\/wp\/v2\/media?parent=28604"}],"curies":[{"name":"wp","href":"https:\/\/api.w.org\/{rel}","templated":true}]}}