{"id":28590,"date":"2023-11-29T17:11:07","date_gmt":"2023-11-29T16:11:07","guid":{"rendered":"https:\/\/iicstoccolma.esteri.it\/?page_id=28590"},"modified":"2025-04-08T12:43:25","modified_gmt":"2025-04-08T10:43:25","slug":"conoscere-gio-ponti-tramite-liic","status":"publish","type":"page","link":"https:\/\/iicstoccolma.esteri.it\/it\/chi-siamo\/la-sede\/conoscere-gio-ponti-tramite-liic\/","title":{"rendered":"Gio Ponti negli anni Cinquanta"},"content":{"rendered":"<p>L&#8217;Istituto Italiano di Cultura &#8220;C.M. Lerici&#8221; a Stoccolma (1958) \u00e8 l&#8217;unico luogo al mondo, insieme alla coeva <strong><a href=\"https:\/\/www.villaplanchart.net\/\">Villa Planchart<\/a> a Caracas<\/strong> <strong>(1953-57)<\/strong>, dove \u00e8 possibile ammirare nella sua interezza l&#8217;universo creativo di <a href=\"https:\/\/iicstoccolma.esteri.it\/it\/chi-siamo\/la-sede\/i-protagonisti-della-storia-delliic\/gio-ponti\/\"><strong>Gio Ponti<\/strong><\/a> e la sua visione progettuale intatta e completa, dall&#8217;architettura agli arredi. Anche pensando ad altri grandi nomi dell&#8217;architettura internazionale, \u00e8 molto raro se non impossibile trovare progetti risalenti alla met\u00e0 del XX secolo che possano rappresentare il lavoro di un Maestro del modernismo nella sua globalit\u00e0, dal pensiero architettonico fino ai pi\u00f9 piccoli dettagli, come le maniglie delle porte.<\/p>\n<p>Gio Ponti \u00e8 stato non solo un architetto e progettista dalla prolifica attivit\u00e0 &#8211; lavorava sempre, anche il sabato e la domenica, ricorderanno i suoi collaboratori &#8211; ma anche uno dei pi\u00f9 attivi divulgatori della cultura del progetto industriale. Ponti vede l&#8217;arte come impresa globale, in modo simile alla <strong>Wiener Werkst\u00e4tte<\/strong> e al <strong>Bauhaus.<\/strong> Tuttavia, \u00e8 difficilmente classificabile in qualsiasi corrente architettonica. Egli fa costante riferimento al classicismo, \u00e8 atipicamente modernista, in nessun modo pu\u00f2 essere considerato un tradizionalista.<\/p>\n<p>Ponti cercava la definizione dello spazio moderno ideale. Quello che, in equilibrio tra soluzioni tecnologiche e sapienza manifatturiera, regalava ambienti per la vita contemporanea, ricca e vitale seppur semplice, come le sue pareti leggere scaldate da contrappunti di colore e materiali accoglienti. In Istituto possiamo osservare alcuni degli elementi fondamentali della grammatica pontiana, soluzioni originali che il Maestro sperimentava in quegli stessi anni in progetti architettonici celebri come il <strong>Grattacielo Pirelli<\/strong> <strong>a Milano (1958)<\/strong>, la gi\u00e0 citata Villa Planchart, oppure in pezzi d&#8217;arredo che sarebbero divenuti leggendari.<\/p>\n<p><img loading=\"lazy\" decoding=\"async\" class=\"alignnone size-full wp-image-30887 img-fluid\" src=\"https:\/\/iicstoccolma.esteri.it\/wp-content\/uploads\/2024\/01\/Gio-Ponti.png\" alt=\"\" width=\"604\" height=\"444\" srcset=\"https:\/\/iicstoccolma.esteri.it\/wp-content\/uploads\/2024\/01\/Gio-Ponti.png 604w, https:\/\/iicstoccolma.esteri.it\/wp-content\/uploads\/2024\/01\/Gio-Ponti-300x221.png 300w\" sizes=\"auto, (max-width: 604px) 100vw, 604px\" \/><\/p>\n<p><em>Gio Ponti e, in background, il Wennergrens Center (Stoccolma)<\/em><\/p>\n<p><img loading=\"lazy\" decoding=\"async\" class=\"alignnone size-full wp-image-30897 img-fluid\" src=\"https:\/\/iicstoccolma.esteri.it\/wp-content\/uploads\/2024\/01\/Villa-Planchard-black-and-white.jpg\" alt=\"\" width=\"1115\" height=\"682\" srcset=\"https:\/\/iicstoccolma.esteri.it\/wp-content\/uploads\/2024\/01\/Villa-Planchard-black-and-white.jpg 1115w, https:\/\/iicstoccolma.esteri.it\/wp-content\/uploads\/2024\/01\/Villa-Planchard-black-and-white-300x183.jpg 300w, https:\/\/iicstoccolma.esteri.it\/wp-content\/uploads\/2024\/01\/Villa-Planchard-black-and-white-1024x626.jpg 1024w, https:\/\/iicstoccolma.esteri.it\/wp-content\/uploads\/2024\/01\/Villa-Planchard-black-and-white-768x470.jpg 768w\" sizes=\"auto, (max-width: 1115px) 100vw, 1115px\" \/><\/p>\n<p><em>Villa Planchart (Foto di Paolo Gasparini; <a href=\"https:\/\/www.villaplanchart.net\/la-fundacion\/\">Fundaci\u00f3n<\/a> Anala &amp; Armando Planchart Archives, Caracas, Venezuela)<\/em><\/p>\n<p>Per Ponti, l&#8217;architettura si fa leggero volume in cui i piani della facciata e del tetto si lambiscono senza mai toccarsi. Questa soluzione si trova sperimentata, in ben diverse proporzioni, anche nel &#8216;Pirellone&#8217;. Anche all&#8217;esterno dell&#8217;Istituto di Cultura, troviamo i segni distintivi dell&#8217;architettura pontiana: il <strong>tetto<\/strong> sfugge all&#8217;indietro e sembra fluttuare, le <strong>pareti<\/strong> appaiono come fogli accostati in un incontro mai concluso, che si risolve nel meraviglioso dettaglio all&#8217;angolo sinistro della <strong>facciata<\/strong> (corpo degli uffici e residenza, arrivando da G\u00e4rdesgatan). Tra il 1953 e il 1958, esattamente negli stessi anni in cui la nuova sede dell&#8217;Istituto prende corpo, Ponti lavora alla residenza privata Planchart a Caracas. Questi due progetti sono profondamente legati tra loro, con soluzioni simili tanto architettoniche quanto di interni. Ritroviamo somiglianze nelle proporzioni residenziali e non auliche dell&#8217;Istituto, che voleva essere una casa della cultura italiana. Si riconoscono anche le stesse superfici esterne, in <strong>piastrelline a mosaico di gres<\/strong>, cos\u00ec come tante soluzioni decorative all&#8217;interno, dall&#8217;impianto delle scale ai tessuti geometrici, dai mobili policromi alla valorizzazione della luce tramite le grandi pareti finestrate. Tra il 1949 e il 1957 Ponti raffina sempre pi\u00f9 il progetto di una sedia che sarebbe divenuta celeberrima, la <strong>Superleggera<\/strong> prodotta da Cassina, che si pu\u00f2 sollevare con un dito grazie ai suoi montanti a sezione triangolare ancora pi\u00f9 affinati. Nel 1949 comparve la prima sedia a schienale piegato e gambe appuntite. Nel &#8217;52, disegnata sempre per Cassina, fa poi la sua comparsa la popolarissima <strong>Leggera,<\/strong> sedia in frassino, fortissima e sottile, presente all&#8217;IIC in centinaia di esemplari.<\/p>\n<blockquote>\n<h6><em><strong>Se andate dai Cassina vi mostreranno spettacolari lanci di queste sedie, che ricadono dopo voli vertiginosi in alto e in lungo, rimbalzando e non rompendosi mai.<\/strong><\/em><br \/>\n<strong>&#8211; Gio Ponti<\/strong><\/h6>\n<\/blockquote>\n","protected":false},"excerpt":{"rendered":"L&#8217;Istituto Italiano di Cultura &#8220;C.M. Lerici&#8221; a Stoccolma (1958) \u00e8 l&#8217;unico luogo al mondo, insieme alla coeva Villa Planchart a Caracas (1953-57), dove \u00e8 possibile ammirare nella sua interezza l&#8217;universo creativo di Gio Ponti e la sua visione progettuale intatta e completa, dall&#8217;architettura agli arredi. Anche pensando ad altri grandi nomi dell&#8217;architettura internazionale, \u00e8 molto [&hellip;]","protected":false},"author":5,"featured_media":0,"parent":40,"menu_order":3,"comment_status":"closed","ping_status":"closed","template":"","meta":{"footnotes":""},"class_list":["post-28590","page","type-page","status-publish","hentry"],"_links":{"self":[{"href":"https:\/\/iicstoccolma.esteri.it\/it\/wp-json\/wp\/v2\/pages\/28590","targetHints":{"allow":["GET"]}}],"collection":[{"href":"https:\/\/iicstoccolma.esteri.it\/it\/wp-json\/wp\/v2\/pages"}],"about":[{"href":"https:\/\/iicstoccolma.esteri.it\/it\/wp-json\/wp\/v2\/types\/page"}],"author":[{"embeddable":true,"href":"https:\/\/iicstoccolma.esteri.it\/it\/wp-json\/wp\/v2\/users\/5"}],"replies":[{"embeddable":true,"href":"https:\/\/iicstoccolma.esteri.it\/it\/wp-json\/wp\/v2\/comments?post=28590"}],"version-history":[{"count":7,"href":"https:\/\/iicstoccolma.esteri.it\/it\/wp-json\/wp\/v2\/pages\/28590\/revisions"}],"predecessor-version":[{"id":46378,"href":"https:\/\/iicstoccolma.esteri.it\/it\/wp-json\/wp\/v2\/pages\/28590\/revisions\/46378"}],"up":[{"embeddable":true,"href":"https:\/\/iicstoccolma.esteri.it\/it\/wp-json\/wp\/v2\/pages\/40"}],"wp:attachment":[{"href":"https:\/\/iicstoccolma.esteri.it\/it\/wp-json\/wp\/v2\/media?parent=28590"}],"curies":[{"name":"wp","href":"https:\/\/api.w.org\/{rel}","templated":true}]}}