{"id":23,"date":"2023-04-03T20:32:25","date_gmt":"2023-04-03T18:32:25","guid":{"rendered":"https:\/\/istitutobuenosaires.esteri.it\/?page_id=23"},"modified":"2024-11-13T16:49:59","modified_gmt":"2024-11-13T15:49:59","slug":"amministrazione-trasparente","status":"publish","type":"page","link":"https:\/\/iicstoccolma.esteri.it\/it\/amministrazione-trasparente\/","title":{"rendered":"Amministrazione trasparente"},"content":{"rendered":"<p>Gli uffici diplomatico-consolari all\u2019estero costituiscono articolazioni periferiche del Ministero degli Affari Esteri e della Cooperazione Internazionale, che assicura la trasparenza dei propri dati attraverso la sezione &#8220;Amministrazione trasparente&#8221; del sito <a href=\"http:\/\/www.esteri.it\/\">www.esteri.it<\/a>. Le sezioni della presente pagina rinviano in massima parte alle corrispondenti sezioni del sito dell\u2019amministrazione centrale.<\/p>\n<p><strong>Per approfondimenti visita il sito dell&#8217;Autorit\u00e0 Nazionale Anticorruzione<\/strong>\u00a0(<a title=\"Autorita' Nazionale Anticorruzione\" href=\"https:\/\/www.anticorruzione.it\/\">ANAC)<\/a><\/p>\n<ul>\n<li><a title=\"Disposizioni Generali\" href=\"https:\/\/www.esteri.it\/it\/trasparenza_comunicazioni_legali\/disposizioni_generali\">Disposizioni generali<\/a><\/li>\n<li><a title=\"Organizzazione\" href=\"https:\/\/www.esteri.it\/it\/trasparenza_comunicazioni_legali\/organizzazione\">Organizzazione<\/a>\n<ul>\n<li>Articolazione degli uffici\u00a0<em>(art. 13, c. 1, lett. b, c)<br \/>\n<\/em><a href=\"https:\/\/iicstoccolma.esteri.it\/it\/chi-siamo\/il-personale\/\">In questa pagina<\/a>\u00a0sono pubblicate le informazioni indicate dalle lettere b) e c) del co. 1 dell\u2019art. 13 del D. Lgs. n. 33 del 2013, riguardo all\u2019Istituto Italiano di Cultura di Stoccolma del Ministero degli Affari Esteri e della Cooperazione Internazionale (MAECI). Le medesime informazioni relative agli altri Uffici esteri del MAECI sono pubblicate nelle pagine \u201cArticolazione degli uffici\u201d dei rispettivi siti web istituzionali. Quelle relative all\u2019Amministrazione Centrale del MAECI si trovano <a href=\"https:\/\/www.esteri.it\/it\/trasparenza_comunicazioni_legali\/organizzazione\/articolazione_degli_uffici\/\">su questa pagina<\/a> del sito istituzionale della Farnesina. ***L\u2019Istituto Italiano di Cultura di Stoccolma attende a compiti di promozione e diffusione della cultura e della lingua italiana nella regione di competenza: Il regno di Svezia.<br \/>\nNel quadro di quanto previsto dal co. 1 dell\u2019art. 3 e dal co. 2 dell\u2019art. 7 della suddetta Legge, n 401 del 1990, l\u2019Istituto:<br \/>\na) stabilisce contatti con istituzioni, enti e personalit\u00e0 del mondo culturale e scientifico del Paese ospitante a favorisce le proposte e i progetti per la conoscenza della cultura e della realt\u00e0 italiana o comunque finalizzati alla collaborazione culturale e scientifica;<br \/>\nb) fornisce la documentazione e l\u2019informazione sulla vita culturale italiana e sulle relative istituzioni;<br \/>\nc) promuove iniziative, manifestazioni culturali e mostre;<br \/>\nd) sostiene iniziative per lo sviluppo culturale delle comunit\u00e0 italiane all\u2019estero, per favorire sia la loro integrazione nel Paese ospitante che il rapporto culturale con la patria d\u2019origine;<br \/>\ne) assicura collaborazione a studiosi e studenti italiani nella loro attivit\u00e0 di ricerca e di studio all\u2019estero;<br \/>\nf) promuove e favorisce iniziative per la diffusione della lingua italiana all\u2019estero, avvalendosi anche della collaborazione dei lettori d\u2019italiano presso le universit\u00e0 del Paese ospitante, e delle universit\u00e0 italiane che svolgono specifiche attivit\u00e0 didattiche e scientifiche connesse ai compiti di promozione e diffusione della cultura e della lingua italiane.<\/li>\n<\/ul>\n<\/li>\n<\/ul>\n<ul>\n<li>Telefono e posta elettronica\u00a0<em>(art. 13, c. 1, lett. d)<br \/>\n<\/em>L\u2019elenco completo del personale in servizio presso l\u2019IIC Stoccolma con i rispettivi contatti telefonici e gli indirizzi e-mail \u00e8 disponibile sulla pagina \u201c<a href=\"https:\/\/iicstoccolma.esteri.it\/it\/chi-siamo\/il-personale\/\">il personale<\/a>\u201d del sito dell\u2019Istituto.<br \/>\nL&#8217;indirizzo della posta elettronica certificata \u00e8\u00a0<a href=\"mailto:iic.stoccolma@cert.esteri.it\">iic.stoccolma@cert.esteri.it<\/a><br \/>\nLe medesime informazioni relative agli altri Uffici esteri del MAECI sono pubblicate nelle pagine \u201cStaff\u201d o \u201cTelefono e posta elettronica\u201d dei rispettivi siti web istituzionali. Quelle relative all\u2019Amministrazione Centrale del MAECI si trovano\u00a0<strong><a href=\"https:\/\/www.esteri.it\/it\/trasparenza_comunicazioni_legali\/organizzazione\/telefono_posta_elettronica\/\">in questa pagina<\/a><\/strong>.<\/li>\n<\/ul>\n<ul>\n<li><a href=\"https:\/\/www.esteri.it\/it\/trasparenza_comunicazioni_legali\/consulenti-e-collaboratori\/\">Consulenti e collaboratori<\/a>\u00a0<em>(art. 15, c. 1, 2)<\/em>\n<ul>\n<li>In\u00a0<a href=\"https:\/\/iicstoccolma.esteri.it\/it\/amministrazione-trasparente\/consulenti-e-collaboratori\/\">questa pagina<\/a> sono pubblicate le informazioni relative ai consulenti e collaboratori dell\u2019Istituto Italiano di Cultura di Stoccolma<\/li>\n<\/ul>\n<\/li>\n<li><a title=\"Personale\" href=\"https:\/\/www.esteri.it\/it\/trasparenza_comunicazioni_legali\/personale\">Personale<\/a><\/li>\n<li><a href=\"https:\/\/www.esteri.it\/it\/trasparenza_comunicazioni_legali\/bandi_gara_contratti_integrativi\/\">Bandi di concorso<\/a>\u00a0<em>(art. 19)<\/em>\n<ul>\n<li>In\u00a0<a href=\"https:\/\/iicstoccolma.esteri.it\/it\/amministrazione-trasparente\/bandi-di-concorso\/\">questa pagina<\/a>\u00a0sono pubblicate le informazioni relative ai bandi di concorso e agli avvisi di selezione dell\u2019Istituto Italiano di Cultura di Stoccolma<\/li>\n<\/ul>\n<\/li>\n<li><a title=\"Performance\" href=\"https:\/\/www.esteri.it\/it\/trasparenza_comunicazioni_legali\/Performance\/\">Performance<\/a><\/li>\n<li><a title=\"Enti controllati\" href=\"https:\/\/www.esteri.it\/it\/trasparenza_comunicazioni_legali\/Enti_controllati\/\">Enti controllati<\/a>\u00a0(<em>art. 22<\/em>)<\/li>\n<li><a href=\"https:\/\/www.esteri.it\/it\/trasparenza_comunicazioni_legali\/attivita_e_procedimenti\">Attivit\u00e0 e procedimenti<\/a>\n<ul>\n<li><a href=\"https:\/\/www.esteri.it\/it\/trasparenza_comunicazioni_legali\/attivita_e_procedimenti\/tipologie_di_procedimento\/\" target=\"_blank\" rel=\"noopener\">Tipologie di procedimento<\/a>\u00a0<em>(art. 35, c. 1, 2)<\/em><\/li>\n<\/ul>\n<\/li>\n<li><a title=\"Provvedimenti\" href=\"https:\/\/www.esteri.it\/it\/trasparenza_comunicazioni_legali\/provvedimenti\">Provvedimenti<\/a><\/li>\n<li><a href=\"https:\/\/www.esteri.it\/it\/trasparenza_comunicazioni_legali\/controlli-sulle-imprese\">Controlli sulle imprese<\/a><\/li>\n<li><a class=\"\" href=\"https:\/\/www.esteri.it\/it\/trasparenza_comunicazioni_legali\/bandi-gara-contratti\/\" data-focus-mouse=\"false\">Bandi di gara e contratti<\/a>\u00a0<em>(ex art. 37)<\/em>\n<ul>\n<li><a title=\"Piattaforma digitale certificata Traspare \" href=\"https:\/\/maeci.traspare.com\/tender_table\">Piattaforma digitale certificata Traspare<\/a>\u00a0<em>(dall\u20191.1.2024)<\/em><\/li>\n<li><a title=\"Informazioni sulle singole procedure in formato tabellare \" href=\"https:\/\/www.esteri.it\/it\/trasparenza_comunicazioni_legali\/bandi-gara-contratti\/informazioni-sulle-singole-procedure\">Informazioni sulle singole procedure in formato tabellare<\/a>\u00a0<em>(fino al 31.12.2023)<\/em><\/li>\n<\/ul>\n<ul>\n<li>In <a href=\"https:\/\/iicstoccolma.esteri.it\/it\/amministrazione-trasparente\/bandi-di-gara-e-contratti\/\">questa pagina<\/a> sono pubblicate le informazioni relative all\u2019Istituto Italiano di Cultura di Stoccolma<\/li>\n<\/ul>\n<\/li>\n<li><a href=\"https:\/\/www.esteri.it\/it\/trasparenza_comunicazioni_legali\/sovvenzioni_contributi_sussidi_vantaggi_economici\/\">Sovvenzioni, contributi, sussidi, vantaggi economici<\/a>\u00a0<em>(ex art. 26 e 27)<\/em>\n<ul>\n<li>In\u00a0<a href=\"https:\/\/iicstoccolma.esteri.it\/it\/amministrazione-trasparente\/sovvenzioni-contributi-sussidi-vantaggi-economici\/\">questa pagina<\/a> sono pubblicate le informazioni relative a sovvenzioni, contributi, sussidi e vantaggi economici dell\u2019Istituto Italiano di Cultura di Stoccolma<\/li>\n<\/ul>\n<ul>\n<li><a href=\"https:\/\/www.esteri.it\/it\/servizi-consolari-e-visti\/normativa_consolare\/serviziconsolari\/assistenzacittadiniestero\/\">Criteri e modalit\u00e0<\/a><\/li>\n<\/ul>\n<\/li>\n<li><a title=\"Bilanci\" href=\"https:\/\/www.esteri.it\/it\/trasparenza_comunicazioni_legali\/bilanci\">Bilanci<\/a><\/li>\n<li><a href=\"https:\/\/www.esteri.it\/it\/trasparenza_comunicazioni_legali\/bilancio-trasparente\">Bilancio trasparente<\/a><\/li>\n<li><a title=\"Beni immobili e gestione patrimonio\" href=\"https:\/\/www.esteri.it\/it\/trasparenza_comunicazioni_legali\/beni_immobili_gestione_patrimonio\">Beni immobili e gestione patrimonio<\/a><\/li>\n<li><a title=\"Controlli e rilievi sull&amp;#39amministrazione\" href=\"https:\/\/www.esteri.it\/it\/trasparenza_comunicazioni_legali\/controlli-e-rilievi-sull-amministrazione\">Controlli e rilievi sull&#8217;amministrazione<\/a><\/li>\n<li><a title=\"Servizi erogati\" href=\"https:\/\/www.esteri.it\/it\/trasparenza_comunicazioni_legali\/servizi_erogati\">Servizi erogati<\/a><\/li>\n<li><a title=\"Pagamenti dell&amp;#39amministrazione\" href=\"https:\/\/www.esteri.it\/it\/trasparenza_comunicazioni_legali\/pagamenti%20amministrazione\">Pagamenti dell&#8217;amministrazione<\/a>\n<ul>\n<li>In\u00a0<a href=\"https:\/\/iicstoccolma.esteri.it\/wp-content\/uploads\/2023\/10\/kontodetaljer_seb-1.pdf\">questo documento<\/a> sono riportate le coordinate bancarie dell\u2019Istituto Italiano di Cultura di Stoccolma<\/li>\n<\/ul>\n<\/li>\n<li><a href=\"https:\/\/www.esteri.it\/it\/trasparenza_comunicazioni_legali\/opere-pubbliche\">Opere pubbliche<\/a><\/li>\n<li><a href=\"https:\/\/www.esteri.it\/it\/trasparenza_comunicazioni_legali\/pianificazione_governo_territorio\">Pianificazione e governo del territorio<\/a><\/li>\n<li><a href=\"https:\/\/www.esteri.it\/it\/trasparenza_comunicazioni_legali\/informazioni_ambientali\">Informazioni ambientali<\/a><\/li>\n<li><a href=\"https:\/\/www.esteri.it\/it\/trasparenza_comunicazioni_legali\/interventi-straordinari-emergenza\">Interventi straordinari di emergenza<\/a>\u00a0(<em>art. 42<\/em>)<\/li>\n<li><a title=\"Altri contenuti\" href=\"https:\/\/www.esteri.it\/it\/trasparenza_comunicazioni_legali\/altri-contenuti-canale\">Altri contenuti<\/a>\n<ul>\n<li><a href=\"https:\/\/www.esteri.it\/it\/trasparenza_comunicazioni_legali\/altri-contenuti-canale\/altri_contenuti\/prevenzione_della_corruzione\/\">Prevenzione della corruzione<\/a>\u00a0(<em>art. 10 d.lgs. 33\/2013, art. 18, co. 5, d.lgs. 39\/2013, l. 190\/2012<\/em>)<\/li>\n<\/ul>\n<\/li>\n<\/ul>\n<p>&nbsp;<\/p>\n<hr \/>\n<p><em>Ultimo aggiornamento: 13 novembre 2024<\/em><\/p>\n","protected":false},"excerpt":{"rendered":"Gli uffici diplomatico-consolari all\u2019estero costituiscono articolazioni periferiche del Ministero degli Affari Esteri e della Cooperazione Internazionale, che assicura la trasparenza dei propri dati attraverso la sezione &#8220;Amministrazione trasparente&#8221; del sito www.esteri.it. Le sezioni della presente pagina rinviano in massima parte alle corrispondenti sezioni del sito dell\u2019amministrazione centrale. Per approfondimenti visita il sito dell&#8217;Autorit\u00e0 Nazionale Anticorruzione\u00a0(ANAC) [&hellip;]","protected":false},"author":1,"featured_media":0,"parent":0,"menu_order":10,"comment_status":"closed","ping_status":"closed","template":"","meta":{"footnotes":""},"class_list":["post-23","page","type-page","status-publish","hentry"],"_links":{"self":[{"href":"https:\/\/iicstoccolma.esteri.it\/it\/wp-json\/wp\/v2\/pages\/23","targetHints":{"allow":["GET"]}}],"collection":[{"href":"https:\/\/iicstoccolma.esteri.it\/it\/wp-json\/wp\/v2\/pages"}],"about":[{"href":"https:\/\/iicstoccolma.esteri.it\/it\/wp-json\/wp\/v2\/types\/page"}],"author":[{"embeddable":true,"href":"https:\/\/iicstoccolma.esteri.it\/it\/wp-json\/wp\/v2\/users\/1"}],"replies":[{"embeddable":true,"href":"https:\/\/iicstoccolma.esteri.it\/it\/wp-json\/wp\/v2\/comments?post=23"}],"version-history":[{"count":8,"href":"https:\/\/iicstoccolma.esteri.it\/it\/wp-json\/wp\/v2\/pages\/23\/revisions"}],"predecessor-version":[{"id":41514,"href":"https:\/\/iicstoccolma.esteri.it\/it\/wp-json\/wp\/v2\/pages\/23\/revisions\/41514"}],"wp:attachment":[{"href":"https:\/\/iicstoccolma.esteri.it\/it\/wp-json\/wp\/v2\/media?parent=23"}],"curies":[{"name":"wp","href":"https:\/\/api.w.org\/{rel}","templated":true}]}}