{"id":14886,"date":"2023-11-13T15:47:43","date_gmt":"2023-11-13T14:47:43","guid":{"rendered":"https:\/\/iicstoccolma.esteri.it\/?page_id=14886"},"modified":"2023-12-15T14:21:58","modified_gmt":"2023-12-15T13:21:58","slug":"italo-calvino-perche-leggere-i-classici","status":"publish","type":"page","link":"https:\/\/iicstoccolma.esteri.it\/it\/lingua-e-cultura\/pubblicazioni-delliic\/cartaditalia\/italo-calvino-perche-leggere-i-classici\/","title":{"rendered":"Italo Calvino, &#8220;Perch\u00e9 leggere i classici&#8221;"},"content":{"rendered":"<h5><em><strong>Perch\u00e9 leggere i classici?<\/strong>\u00a0<\/em>si chiede <strong>Italo Calvino<\/strong> nell&#8217;omonima raccolta di saggi, quarta pubblicazione di Cartaditalia. L&#8217;evento di presentazione si \u00e8 svolto presso l&#8217;Istituto il 26 settembre 2011 con la partecipazione di Alberto Asor Rosa (Universit\u00e0 La Sapienza) e Jesper Olsson (Universit\u00e0 di Stoccolma).<\/h5>\n<p>&nbsp;<\/p>\n<p><strong>Descrizione<br \/>\n<\/strong>La raccolta di saggi postuma <em>Perch\u00e9 leggere i classici<\/em> riunisce alcuni dei testi pi\u00f9 importanti della produzione letteraria degli ultimi quindici anni di vita di Italo Calvino. Ma che cos&#8217;\u00e8 un classico? Un libro, scrive Calvino, che non ha mai smesso di dire ci\u00f2 che ha da dire. E aggiunge: non si leggono i classici per costrizione o rispetto, ma solo per amore. L&#8217;amore \u00e8 anche una costante nel confronto di Calvino con i classici, sia che si tratti di eccentrici scienziati, come Gerolamo Cardano, sia che si tratti di poeti contemporanei, come Francis Ponge. Nei testi di Omero e Borges, passando per Ariosto e Stendhal, Calvino non ricerca tanto valori eterni, artistici o altri, quanto piuttosto il movimento stesso della letteratura, la sua capacit\u00e0 di generare costantemente nuovi mondi.<\/p>\n<p><strong>L&#8217;autore<br \/>\n<\/strong><span style=\"text-decoration: underline;\">Italo Calvino<\/span> (1923-1985) \u00e8 considerato uno dei maggiori scrittori europei del dopoguerra. Nato a Cuba da genitori italiani, cresce a Sanremo, in Liguria. Debutta nel 1947 con <em>Il sentiero dei nidi di ragno<\/em>, ma la vera svolta artistica e pubblica avviene negli anni Cinquanta, con la trilogia romanzesca composta da <em>Il visconte dimezzato<\/em>, <em>Il barone rampante<\/em> e <em>Il cavaliere inesistente<\/em> (nell&#8217;ordine: 1952, 1957 e 1959). Altri lavori chiave della sua vasta e sfaccettata produzione includono <em>Marcovaldo ovvero Le stagioni in citt\u00e0<\/em> (1963) e <em>Cosmicomiche<\/em> (1965). Dal 1967 al 1980 lo scrittore risiede a Parigi, dove riceve importanti impulsi creativi dal contatto con il gruppo OULIPO (Workshop for Potential Literature). In questa fase produce romanzi come <em>Le citt\u00e0 invisibili<\/em> (1972), <em>Il castello dei destini incrociati<\/em> (1973), <em>Se una notte d&#8217;inverno un viaggiatore<\/em> (1979) e <em>Palomar<\/em>\u00a0(1983). Italo Calvino muore nel 1985 a seguito di un ictus.<strong><br \/>\n<\/strong><\/p>\n<p><strong>La copertina<\/strong><br \/>\n<img loading=\"lazy\" decoding=\"async\" class=\"alignnone size-medium wp-image-14647 img-fluid\" src=\"https:\/\/iicstoccolma.esteri.it\/wp-content\/uploads\/2023\/11\/CopertineCartadItalia_usodigital_220x300px4-220x300.png\" alt=\"\" width=\"220\" height=\"300\" srcset=\"https:\/\/iicstoccolma.esteri.it\/wp-content\/uploads\/2023\/11\/CopertineCartadItalia_usodigital_220x300px4-220x300.png 220w, https:\/\/iicstoccolma.esteri.it\/wp-content\/uploads\/2023\/11\/CopertineCartadItalia_usodigital_220x300px4-751x1024.png 751w, https:\/\/iicstoccolma.esteri.it\/wp-content\/uploads\/2023\/11\/CopertineCartadItalia_usodigital_220x300px4-768x1047.png 768w, https:\/\/iicstoccolma.esteri.it\/wp-content\/uploads\/2023\/11\/CopertineCartadItalia_usodigital_220x300px4.png 917w\" sizes=\"auto, (max-width: 220px) 100vw, 220px\" \/><\/p>\n<p>&nbsp;<\/p>\n<hr \/>\n<p>Il libro \u00e8 in vendita su <strong><a href=\"https:\/\/www.adlibris.com\/se\/bok\/varfor-lasa-klassikerna-9789197902830\">Adlibris<\/a><\/strong> e presso l&#8217;<strong>Istituto\u00a0<\/strong>(G\u00e4rdesgatan 14, Stoccolma).<\/p>\n","protected":false},"excerpt":{"rendered":"Perch\u00e9 leggere i classici?\u00a0si chiede Italo Calvino nell&#8217;omonima raccolta di saggi, quarta pubblicazione di Cartaditalia. L&#8217;evento di presentazione si \u00e8 svolto presso l&#8217;Istituto il 26 settembre 2011 con la partecipazione di Alberto Asor Rosa (Universit\u00e0 La Sapienza) e Jesper Olsson (Universit\u00e0 di Stoccolma). &nbsp; Descrizione La raccolta di saggi postuma Perch\u00e9 leggere i classici riunisce [&hellip;]","protected":false},"author":5,"featured_media":0,"parent":276,"menu_order":19,"comment_status":"closed","ping_status":"closed","template":"","meta":{"footnotes":""},"class_list":["post-14886","page","type-page","status-publish","hentry"],"_links":{"self":[{"href":"https:\/\/iicstoccolma.esteri.it\/it\/wp-json\/wp\/v2\/pages\/14886","targetHints":{"allow":["GET"]}}],"collection":[{"href":"https:\/\/iicstoccolma.esteri.it\/it\/wp-json\/wp\/v2\/pages"}],"about":[{"href":"https:\/\/iicstoccolma.esteri.it\/it\/wp-json\/wp\/v2\/types\/page"}],"author":[{"embeddable":true,"href":"https:\/\/iicstoccolma.esteri.it\/it\/wp-json\/wp\/v2\/users\/5"}],"replies":[{"embeddable":true,"href":"https:\/\/iicstoccolma.esteri.it\/it\/wp-json\/wp\/v2\/comments?post=14886"}],"version-history":[{"count":6,"href":"https:\/\/iicstoccolma.esteri.it\/it\/wp-json\/wp\/v2\/pages\/14886\/revisions"}],"predecessor-version":[{"id":29302,"href":"https:\/\/iicstoccolma.esteri.it\/it\/wp-json\/wp\/v2\/pages\/14886\/revisions\/29302"}],"up":[{"embeddable":true,"href":"https:\/\/iicstoccolma.esteri.it\/it\/wp-json\/wp\/v2\/pages\/276"}],"wp:attachment":[{"href":"https:\/\/iicstoccolma.esteri.it\/it\/wp-json\/wp\/v2\/media?parent=14886"}],"curies":[{"name":"wp","href":"https:\/\/api.w.org\/{rel}","templated":true}]}}