{"id":14773,"date":"2023-11-10T16:08:24","date_gmt":"2023-11-10T15:08:24","guid":{"rendered":"https:\/\/iicstoccolma.esteri.it\/?page_id=14773"},"modified":"2023-12-15T14:24:48","modified_gmt":"2023-12-15T13:24:48","slug":"giuseppe-dessi-san-silvano","status":"publish","type":"page","link":"https:\/\/iicstoccolma.esteri.it\/it\/lingua-e-cultura\/pubblicazioni-delliic\/cartaditalia\/giuseppe-dessi-san-silvano\/","title":{"rendered":"Giuseppe Dess\u00ec, &#8220;San Silvano&#8221;"},"content":{"rendered":"<h5>Il quinto libro di Cartaditalia \u00e8 <em><strong>San Silvano<\/strong>\u00a0<\/em>di <strong>Giuseppe Dess\u00ec<\/strong>.<\/h5>\n<p>&nbsp;<\/p>\n<p>Il romanzo di Giuseppe Dess\u00ed\u00a0 \u00e8 stato presentato presso l&#8217;Istituto Italiano di Cultura da <span style=\"text-decoration: underline;\">Anna Dolfi<\/span> (Universit\u00e0 di Firenze, presidente del Premio Letterario che porta il nome dello scrittore), <span style=\"text-decoration: underline;\">Mar\u00eda de Las Nieves Mu\u00f1iz Mu\u00f1iz<\/span> (Universit\u00e0 di Barcellona) e <span style=\"text-decoration: underline;\">Giuseppe Marras<\/span> (Presidente della Fondazione \u201dGiuseppe Dess\u00ed\u201d).<\/p>\n<p><strong>Descrizione<br \/>\n<\/strong><em>San Silvano<\/em>, che \u00e8 sia un &#8220;ritratto dell&#8217;artista da giovane&#8221; che una &#8220;ricerca del tempo perduto&#8221;, fu pubblicato per la prima volta nel 1939 e costituisce il romanzo d&#8217;esordio di Giuseppe Dess\u00ec, uno dei pi\u00f9 grandi scrittori italiani del XX secolo. Il romanzo \u00e8 un viaggio attraverso il tempo e lo spazio alla ricerca di una &#8220;patria segreta&#8221; e tratta dell&#8217;impossibilit\u00e0 di ritornare alle radici e a un rifugio segreto, il villaggio di San Silvano, per ritrovare ci\u00f2 che era ovvio durante l&#8217;adolescenza. A volte, il protagonista vede San Silvano, il luogo d&#8217;esilio e il giardino incantato, come &#8220;una regione cupa tagliata dal mondo, arida e selvaggia, dove gli ulivi sono come voci rare nella solitudine delle montagne&#8221; e a volte, &#8220;attraverso un meraviglioso cambio di stagioni&#8221;, il paesaggio si trasforma, si riempie di vita germogliante e incontenibile. La prosa ha uno stile lirico delicato e inquieto, e con la leggendaria Sardegna delle pause, dei silenzi e del vento come sfondo, San Silvano dipinge un addio doloroso alla giovent\u00f9.<\/p>\n<p><strong>Lo scrittore<br \/>\n<\/strong>Giuseppe Dess\u00ec (1909-1977) trascorse la sua infanzia piuttosto difficile e tumultuosa a Villacidro, in Sardegna. Con la scoperta di una biblioteca murata che conteneva, tra gli altri libri, il Cat\u00e9chisme positiviste e il Cours de philosophie di Auguste Comte, il Discours de la m\u00e9thode di Descartes, l&#8217;Etica di Spinoza e i libri di Leibniz sulla monadologia e sul problema teodicea, inizi\u00f2 una lettura disorganizzata di filosofia e letteratura che quasi lo spinse fuori dalla ragione. Dess\u00ec si laure\u00f2 all&#8217;Universit\u00e0 di Pisa nel 1936, e il suo primo romanzo, San Silvano, fu elogiato dal noto critico Gianfranco Contini, che lo defin\u00ec un &#8220;Proust sardo&#8221;. Nonostante Dess\u00ec abbia vissuto quasi tutta la sua vita adulta lontano dalla Sardegna, il suo luogo d&#8217;origine \u00e8 una costante cornice nelle sue opere, dal libro Michele Boschino (1941) e Introduzione alla vita di Giacomo Scarbo (1959) fino alla sua ultima opera completata, Paesi d\u2019ombre (1972), per la quale ricevette il prestigioso Premio Strega.<\/p>\n<p><strong>Le ospiti<br \/>\n<\/strong><span style=\"text-decoration: underline;\">Anna Dolfi<\/span> insegna letteratura italiana moderna e contemporanea all\u2019Universit\u00e0 di Firenze. Ha studiato, in particolare, Giacomo Leopardi, cui ha dedicato numerosi studi, l\u2019Ermetismo, Giorgio Bassani, Giuseppe Dess\u00ed e Antonio Tabucchi. Da alcuni anni ricopre l\u2019incarico di Presidente del Premio letterario della Fondazione Giuseppe Dess\u00ed.<\/p>\n<p><span style=\"text-decoration: underline;\">Mar\u00eda de Las Nieves Mu\u00f1iz Mu\u00f1iz<\/span> insegna filologia italiana all\u2019universit\u00e0 di Barcellona. Specialista dei rapporti culturali tra Italia e Spagna in epoca moderna e contemporanea, tra il 1998 e il 2002 ha diretto la rivista catalana di studi italiani <em>Quaderns d\u2019Itali\u00e0<\/em>. Nel 2011 ha ricevuto il Premio \u201dGiacomo Leopardi\u2019 assegnato dal Centro Nazionale di Studi Leopardiani.<\/p>\n<p><strong>La copertina<br \/>\n<img loading=\"lazy\" decoding=\"async\" class=\"alignnone size-medium wp-image-14650 img-fluid\" src=\"https:\/\/iicstoccolma.esteri.it\/wp-content\/uploads\/2023\/11\/CopertineCartadItalia_usodigital_220x300px5-220x300.png\" alt=\"\" width=\"220\" height=\"300\" srcset=\"https:\/\/iicstoccolma.esteri.it\/wp-content\/uploads\/2023\/11\/CopertineCartadItalia_usodigital_220x300px5-220x300.png 220w, https:\/\/iicstoccolma.esteri.it\/wp-content\/uploads\/2023\/11\/CopertineCartadItalia_usodigital_220x300px5-751x1024.png 751w, https:\/\/iicstoccolma.esteri.it\/wp-content\/uploads\/2023\/11\/CopertineCartadItalia_usodigital_220x300px5-768x1047.png 768w, https:\/\/iicstoccolma.esteri.it\/wp-content\/uploads\/2023\/11\/CopertineCartadItalia_usodigital_220x300px5.png 917w\" sizes=\"auto, (max-width: 220px) 100vw, 220px\" \/><br \/>\n<\/strong><\/p>\n<p>&nbsp;<\/p>\n<hr \/>\n<p>Il volume \u00e8 in vendita su <strong><a href=\"https:\/\/www.adlibris.com\/se\/bok\/san-silvano-9789197902847\">Adlibris<\/a><\/strong> e presso il nostro <strong>Istituto<\/strong> (G\u00e4rdesgatan 14, Stoccolma).<\/p>\n","protected":false},"excerpt":{"rendered":"Il quinto libro di Cartaditalia \u00e8 San Silvano\u00a0di Giuseppe Dess\u00ec. &nbsp; Il romanzo di Giuseppe Dess\u00ed\u00a0 \u00e8 stato presentato presso l&#8217;Istituto Italiano di Cultura da Anna Dolfi (Universit\u00e0 di Firenze, presidente del Premio Letterario che porta il nome dello scrittore), Mar\u00eda de Las Nieves Mu\u00f1iz Mu\u00f1iz (Universit\u00e0 di Barcellona) e Giuseppe Marras (Presidente della Fondazione [&hellip;]","protected":false},"author":5,"featured_media":0,"parent":276,"menu_order":18,"comment_status":"closed","ping_status":"closed","template":"","meta":{"footnotes":""},"class_list":["post-14773","page","type-page","status-publish","hentry"],"_links":{"self":[{"href":"https:\/\/iicstoccolma.esteri.it\/it\/wp-json\/wp\/v2\/pages\/14773","targetHints":{"allow":["GET"]}}],"collection":[{"href":"https:\/\/iicstoccolma.esteri.it\/it\/wp-json\/wp\/v2\/pages"}],"about":[{"href":"https:\/\/iicstoccolma.esteri.it\/it\/wp-json\/wp\/v2\/types\/page"}],"author":[{"embeddable":true,"href":"https:\/\/iicstoccolma.esteri.it\/it\/wp-json\/wp\/v2\/users\/5"}],"replies":[{"embeddable":true,"href":"https:\/\/iicstoccolma.esteri.it\/it\/wp-json\/wp\/v2\/comments?post=14773"}],"version-history":[{"count":6,"href":"https:\/\/iicstoccolma.esteri.it\/it\/wp-json\/wp\/v2\/pages\/14773\/revisions"}],"predecessor-version":[{"id":29487,"href":"https:\/\/iicstoccolma.esteri.it\/it\/wp-json\/wp\/v2\/pages\/14773\/revisions\/29487"}],"up":[{"embeddable":true,"href":"https:\/\/iicstoccolma.esteri.it\/it\/wp-json\/wp\/v2\/pages\/276"}],"wp:attachment":[{"href":"https:\/\/iicstoccolma.esteri.it\/it\/wp-json\/wp\/v2\/media?parent=14773"}],"curies":[{"name":"wp","href":"https:\/\/api.w.org\/{rel}","templated":true}]}}