{"id":14745,"date":"2023-11-10T15:04:07","date_gmt":"2023-11-10T14:04:07","guid":{"rendered":"https:\/\/iicstoccolma.esteri.it\/?page_id=14745"},"modified":"2023-12-15T13:01:55","modified_gmt":"2023-12-15T12:01:55","slug":"eugenio-de-signoribus-ronda-dei-conversi","status":"publish","type":"page","link":"https:\/\/iicstoccolma.esteri.it\/it\/lingua-e-cultura\/pubblicazioni-delliic\/cartaditalia\/eugenio-de-signoribus-ronda-dei-conversi\/","title":{"rendered":"Eugenio De Signoribus, &#8220;Ronda dei conversi. 1999-2004&#8221;"},"content":{"rendered":"<h5><strong>Eugenio De Signoribus<\/strong> e le sue poesie sono i protagonisti della sesta pubblicazione di Cartaditalia.<\/h5>\n<p>&nbsp;<\/p>\n<p><strong>Descrizione<\/strong><br \/>\n<span style=\"text-decoration: underline;\">Eugenio De Signoribus<\/span> \u00e8 considerato uno dei maggiori poeti italiani della sua generazione. La raccolta <em>Ronda dei conversi<\/em>, e in particolare il sottotitolo\u00a0<em>1999-2004<\/em>, suggeriscono il contributo dello scrittore a dare forma, con la sua produzione poetica, al nuovo millennio. Una produzione che si caratterizza per l&#8217;eliminazione di tutto ci\u00f2 che \u00e8 temporaneo e superfluo per fare emergere ci\u00f2 che invece \u00e8 perpetuo e necessario, e che i lettori e le lettrici svedesi pi\u00f9 attenti assoceranno senza dubbio a quella di Gunnar Ekel\u00f6f (citiamo, per esempio, <em>F\u00e4rjes\u00e5ng<\/em> e <em>En natt vid horisonten<\/em>). <em>Ronda<\/em> si riferisce al cerchio che i bambini formano quando giocano, mentre le loro grida risuonano attraverso l&#8217;intera opera. Anche se, nel caso di questa raccolta, a essere coinvolta \u00e8 l&#8217;umanit\u00e0 nel suo complesso, una comunit\u00e0 in viaggio verso un obiettivo spirituale. L&#8217;espressione <em>i<\/em><em>\u00a0conversi<\/em> abbraccia l&#8217;accettazione e allo stesso tempo la rinuncia. Il poeta parla di una paradossale negazione del corpo, dell&#8217;identit\u00e0 e persino del linguaggio stesso. Collegandosi a Dante &#8211; suo principale maestro, accanto a Mallarm\u00e9 e Paul Celan &#8211; De Signoribus d\u00e0 alla sua <em>ronda<\/em> la struttura di un viaggio, che passando attraverso sette stazioni, dalle visioni dell&#8217;inferno e alla purificazione del purgatorio, conduce verso una sempre maggiore chiarezza. I temi dominanti in questo dramma del pellegrinaggio sono l&#8217;assenza di un posto da chiamare casa e la separazione. Un capitolo riepiloga la vita del poeta, ripercorrendone l&#8217;infanzia e spingendosi oltre, verso una condizione &#8220;prima dell&#8217;alfabeto&#8221;, prima della scrittura e persino prima del tempo. Da un lato, c&#8217;\u00e8 una riduzione all&#8217;elemento nudo, dall&#8217;altro un&#8217;audace sensibilizzazione dei concetti stessi.<\/p>\n<p><strong>L&#8217;autore<\/strong><br \/>\n<span style=\"text-decoration: underline;\">Eugenio De Signoribus<\/span> (1947), marchigiano, studia letteratura all&#8217;Universit\u00e0 di Urbino, e si dedica successivamente all&#8217;insegnamento. Nel 1989 viene pubblicata la sua opera di debutto, <em>Case perdute<\/em> (1976-1985), premiata con il Premio Eugenio Montale. Due anni dopo, il libro <em>Altre educazioni <\/em>(1980-1989) esce per l&#8217;editore Crocetti (Milano). Nel 1996 la casa editrice Marsilio di Venezia d\u00e0 alle stampe <em>Istmi e chiuse<\/em> (1989-1995), che attira grande attenzione e portando alla stipulazione di un contratto con Garzanti, casa editrice delle sue opere successive. Nel 2000, <em>Principio del giorno<\/em> (1990-1999) ottiene il Premio Lerici-Pea; nel 2005, <em>Ronda dei conversi<\/em> (1999-2004) i premi Dino Campana e Carducci; nel 2008, la raccolta <em>Poesie 1976-2007<\/em> il Premio Viareggio; nel 2011, <em>Trinit\u00e0 dell\u2019esodo<\/em> il Premio Giuseppe Dess\u00ed. Diverse traduzioni delle sue opere sono state pubblicate in riviste e antologie.<\/p>\n<p><strong>La copertina<br \/>\n<img loading=\"lazy\" decoding=\"async\" class=\"alignnone size-medium wp-image-14653 img-fluid\" src=\"https:\/\/iicstoccolma.esteri.it\/wp-content\/uploads\/2023\/11\/CopertineCartadItalia_usodigital_220x300px6-220x300.png\" alt=\"\" width=\"220\" height=\"300\" srcset=\"https:\/\/iicstoccolma.esteri.it\/wp-content\/uploads\/2023\/11\/CopertineCartadItalia_usodigital_220x300px6-220x300.png 220w, https:\/\/iicstoccolma.esteri.it\/wp-content\/uploads\/2023\/11\/CopertineCartadItalia_usodigital_220x300px6-751x1024.png 751w, https:\/\/iicstoccolma.esteri.it\/wp-content\/uploads\/2023\/11\/CopertineCartadItalia_usodigital_220x300px6-768x1047.png 768w, https:\/\/iicstoccolma.esteri.it\/wp-content\/uploads\/2023\/11\/CopertineCartadItalia_usodigital_220x300px6.png 917w\" sizes=\"auto, (max-width: 220px) 100vw, 220px\" \/><br \/>\n<\/strong><\/p>\n<p>&nbsp;<\/p>\n<hr \/>\n<p>Il volume \u00e8 in vendita su <strong><a href=\"https:\/\/www.adlibris.com\/se\/bok\/de-omvandas-rond-1999-2004-9789197902854\">Adlibris<\/a>, <a href=\"https:\/\/www.bokus.com\/bok\/9789197902854\/de-omvandas-rond-1999-2004\/\">Bokus<\/a><\/strong> e presso il nostro <strong>Istituto\u00a0<\/strong>(G\u00e4rdesgatan 14, Stoccolma).<\/p>\n","protected":false},"excerpt":{"rendered":"Eugenio De Signoribus e le sue poesie sono i protagonisti della sesta pubblicazione di Cartaditalia. &nbsp; Descrizione Eugenio De Signoribus \u00e8 considerato uno dei maggiori poeti italiani della sua generazione. La raccolta Ronda dei conversi, e in particolare il sottotitolo\u00a01999-2004, suggeriscono il contributo dello scrittore a dare forma, con la sua produzione poetica, al nuovo [&hellip;]","protected":false},"author":5,"featured_media":0,"parent":276,"menu_order":17,"comment_status":"closed","ping_status":"closed","template":"","meta":{"footnotes":""},"class_list":["post-14745","page","type-page","status-publish","hentry"],"_links":{"self":[{"href":"https:\/\/iicstoccolma.esteri.it\/it\/wp-json\/wp\/v2\/pages\/14745","targetHints":{"allow":["GET"]}}],"collection":[{"href":"https:\/\/iicstoccolma.esteri.it\/it\/wp-json\/wp\/v2\/pages"}],"about":[{"href":"https:\/\/iicstoccolma.esteri.it\/it\/wp-json\/wp\/v2\/types\/page"}],"author":[{"embeddable":true,"href":"https:\/\/iicstoccolma.esteri.it\/it\/wp-json\/wp\/v2\/users\/5"}],"replies":[{"embeddable":true,"href":"https:\/\/iicstoccolma.esteri.it\/it\/wp-json\/wp\/v2\/comments?post=14745"}],"version-history":[{"count":6,"href":"https:\/\/iicstoccolma.esteri.it\/it\/wp-json\/wp\/v2\/pages\/14745\/revisions"}],"predecessor-version":[{"id":29278,"href":"https:\/\/iicstoccolma.esteri.it\/it\/wp-json\/wp\/v2\/pages\/14745\/revisions\/29278"}],"up":[{"embeddable":true,"href":"https:\/\/iicstoccolma.esteri.it\/it\/wp-json\/wp\/v2\/pages\/276"}],"wp:attachment":[{"href":"https:\/\/iicstoccolma.esteri.it\/it\/wp-json\/wp\/v2\/media?parent=14745"}],"curies":[{"name":"wp","href":"https:\/\/api.w.org\/{rel}","templated":true}]}}